{"id":512,"date":"2024-09-23T15:18:07","date_gmt":"2024-09-23T08:18:07","guid":{"rendered":"https:\/\/medibox.vn\/?post_type=product&#038;p=512"},"modified":"2024-09-23T15:18:07","modified_gmt":"2024-09-23T08:18:07","slug":"buong-oxy-cao-ap-don-ngan-buong-nam","status":"publish","type":"product","link":"https:\/\/medibox.vn\/index.php\/product\/buong-oxy-cao-ap-don-ngan-buong-nam\/","title":{"rendered":"Bu\u1ed3ng oxy cao a\u0301p \u0111\u01a1n ng\u0103n, bu\u1ed3ng n\u1eb1m"},"content":{"rendered":"<p>01 bu\u1ed3ng c\u00f3 \u0111\u00ea\u0323m n\u1eb1m gi\u00fap v\u1eeba th\u1edf oxy v\u1eeba n\u1eb1m th\u01b0 gi\u00e3n va\u0300 ngh\u1ec9 ng\u01a1i.<br \/>\n&#8211; Cabin \u0111\u01b0\u1ee3c la\u0300m b\u1eb1ng TPU c\u00f3 th\u1ec3 ph\u00e2n h\u1ee7y, th\u00e2n thi\u00ea\u0323n v\u1edbi m\u00f4i tr\u01b0\u01a1\u0300ng, c\u1eaft laser, ha\u0300n nhi\u00ea\u0323t li\u1ec1n m\u1ea1ch va\u0300 c\u00f3 trang tr\u00ed c\u1eeda s\u00f4\u0309 quan sa\u0301t<br \/>\n\u00c1p su\u1ea5t: 1,3 ATA<br \/>\nK\u00edch th\u01b0\u1edbc: 800*2100mm<\/p>\n","protected":false},"excerpt":{"rendered":"<p>Model GYYC- 100-3<br \/>\nH\u00e3ng s\u1ea3n xu\u1ea5t: WENDA<br \/>\nXu\u1ea5t x\u1ee9: Trung Qu\u1ed1c<\/p>\n","protected":false},"featured_media":513,"comment_status":"closed","ping_status":"closed","template":"","meta":[],"product_cat":[85],"product_tag":[],"class_list":{"0":"post-512","1":"product","2":"type-product","3":"status-publish","4":"has-post-thumbnail","6":"product_cat-oxy-cao-ap","8":"first","9":"instock","10":"shipping-taxable","11":"product-type-simple"},"_links":{"self":[{"href":"https:\/\/medibox.vn\/index.php\/wp-json\/wp\/v2\/product\/512","targetHints":{"allow":["GET"]}}],"collection":[{"href":"https:\/\/medibox.vn\/index.php\/wp-json\/wp\/v2\/product"}],"about":[{"href":"https:\/\/medibox.vn\/index.php\/wp-json\/wp\/v2\/types\/product"}],"replies":[{"embeddable":true,"href":"https:\/\/medibox.vn\/index.php\/wp-json\/wp\/v2\/comments?post=512"}],"wp:featuredmedia":[{"embeddable":true,"href":"https:\/\/medibox.vn\/index.php\/wp-json\/wp\/v2\/media\/513"}],"wp:attachment":[{"href":"https:\/\/medibox.vn\/index.php\/wp-json\/wp\/v2\/media?parent=512"}],"wp:term":[{"taxonomy":"product_cat","embeddable":true,"href":"https:\/\/medibox.vn\/index.php\/wp-json\/wp\/v2\/product_cat?post=512"},{"taxonomy":"product_tag","embeddable":true,"href":"https:\/\/medibox.vn\/index.php\/wp-json\/wp\/v2\/product_tag?post=512"}],"curies":[{"name":"wp","href":"https:\/\/api.w.org\/{rel}","templated":true}]}}