{"id":508,"date":"2024-09-23T15:15:39","date_gmt":"2024-09-23T08:15:39","guid":{"rendered":"https:\/\/medibox.vn\/?post_type=product&#038;p=508"},"modified":"2024-09-23T15:23:47","modified_gmt":"2024-09-23T08:23:47","slug":"buong-oxy-cao-ap-don-ngan-don-cho-co-day-keo-vom-doc","status":"publish","type":"product","link":"https:\/\/medibox.vn\/index.php\/product\/buong-oxy-cao-ap-don-ngan-don-cho-co-day-keo-vom-doc\/","title":{"rendered":"Bu\u1ed3ng oxy cao a\u0301p \u0111\u01a1n ng\u0103n, \u0111\u01a1n ch\u1ed7 c\u00f3 d\u00e2y k\u00e9o v\u00f2m d\u1ecdc"},"content":{"rendered":"<p>Bu\u1ed3ng d\u1ea1ng c\u00f3 d\u00e2y k\u00e9o v\u00f2m gi\u00fap ngh\u1ec9 ng\u01a1i va\u0300 th\u01b0 gi\u00e3n t\u1ed1t h\u01a1nCabin \u0111\u01b0\u1ee3c la\u0300m b\u1eb1ng TPU c\u00f3 th\u1ec3 ph\u00e2n h\u1ee7y, th\u00e2n thi\u00ea\u0323n v\u1edbi m\u00f4i tr\u01b0\u01a1\u0300ng, c\u1eaft laser, ha\u0300n nhi\u00ea\u0323t li\u1ec1n m\u1ea1ch va\u0300 c\u00f3 trang tr\u00ed c\u1eeda s\u00f4\u0309 quan sa\u0301t<br \/>\nK\u00edch th\u01b0\u1edbc: \u0111\u01b0\u01a1\u0300ng k\u00ednh 1300, cao 1700 (mm)<br \/>\n\u00c1p su\u1ea5t: 1,3 ATA<\/p>\n","protected":false},"excerpt":{"rendered":"<p>Model GYYC-1100<br \/>\nH\u00e3ng s\u1ea3n xu\u1ea5t:WENDA<br \/>\nXu\u1ea5t x\u1ee9:Trung Qu\u1ed1c<\/p>\n","protected":false},"featured_media":509,"comment_status":"closed","ping_status":"closed","template":"","meta":[],"product_cat":[85],"product_tag":[],"class_list":{"0":"post-508","1":"product","2":"type-product","3":"status-publish","4":"has-post-thumbnail","6":"product_cat-oxy-cao-ap","8":"first","9":"instock","10":"shipping-taxable","11":"product-type-simple"},"_links":{"self":[{"href":"https:\/\/medibox.vn\/index.php\/wp-json\/wp\/v2\/product\/508","targetHints":{"allow":["GET"]}}],"collection":[{"href":"https:\/\/medibox.vn\/index.php\/wp-json\/wp\/v2\/product"}],"about":[{"href":"https:\/\/medibox.vn\/index.php\/wp-json\/wp\/v2\/types\/product"}],"replies":[{"embeddable":true,"href":"https:\/\/medibox.vn\/index.php\/wp-json\/wp\/v2\/comments?post=508"}],"wp:featuredmedia":[{"embeddable":true,"href":"https:\/\/medibox.vn\/index.php\/wp-json\/wp\/v2\/media\/509"}],"wp:attachment":[{"href":"https:\/\/medibox.vn\/index.php\/wp-json\/wp\/v2\/media?parent=508"}],"wp:term":[{"taxonomy":"product_cat","embeddable":true,"href":"https:\/\/medibox.vn\/index.php\/wp-json\/wp\/v2\/product_cat?post=508"},{"taxonomy":"product_tag","embeddable":true,"href":"https:\/\/medibox.vn\/index.php\/wp-json\/wp\/v2\/product_tag?post=508"}],"curies":[{"name":"wp","href":"https:\/\/api.w.org\/{rel}","templated":true}]}}