{"id":505,"date":"2024-09-23T15:13:50","date_gmt":"2024-09-23T08:13:50","guid":{"rendered":"https:\/\/medibox.vn\/?post_type=product&#038;p=505"},"modified":"2024-09-23T15:13:50","modified_gmt":"2024-09-23T08:13:50","slug":"buong-oxy-cao-ap-don-ngan-don-cho-dang-chu-l","status":"publish","type":"product","link":"https:\/\/medibox.vn\/index.php\/product\/buong-oxy-cao-ap-don-ngan-don-cho-dang-chu-l\/","title":{"rendered":"Bu\u1ed3ng oxy cao a\u0301p \u0111\u01a1n ng\u0103n, \u0111\u01a1n ch\u1ed7 d\u1ea1ng ch\u1eef L"},"content":{"rendered":"<p>Th\u00e2n bu\u1ed3ng: thi\u1ebft k\u1ebf cabin h\u00ecnh ch\u1eef L, c\u00f3 \u0111\u00ea\u0323m b\u00ean trong, va\u0300 thi\u1ebft k\u1ebf khung \u00f4\u0309n \u0111\u1ecbnh, thu\u00e2\u0323n ti\u00ea\u0323n cho ra va\u0300o Cabin \u0111\u01b0\u1ee3c la\u0300m b\u1eb1ng TPU c\u00f3 th\u1ec3 ph\u00e2n h\u1ee7y,th\u00e2n thi\u00ea\u0323n v\u1edbi m\u00f4i tr\u01b0\u01a1\u0300ng, c\u1eaft laser, ha\u0300n nhi\u00ea\u0323t li\u1ec1n m\u1ea1ch va\u0300 c\u00f3 trang tr\u00ed c\u1eeda s\u00f4\u0309 quan sa\u0301t<br \/>\nK\u00edch th\u01b0\u1edbc: 1450x900x1300mm<br \/>\n\u00c1p su\u1ea5t: 1,3 ATA<\/p>\n","protected":false},"excerpt":{"rendered":"<p>Model GYYC-900<br \/>\nH\u00e3ng s\u1ea3n xu\u1ea5t:WENDA<br \/>\nXu\u1ea5t x\u1ee9: Trung Qu\u1ed1c<\/p>\n","protected":false},"featured_media":506,"comment_status":"closed","ping_status":"closed","template":"","meta":[],"product_cat":[85],"product_tag":[],"class_list":{"0":"post-505","1":"product","2":"type-product","3":"status-publish","4":"has-post-thumbnail","6":"product_cat-oxy-cao-ap","8":"first","9":"instock","10":"shipping-taxable","11":"product-type-simple"},"_links":{"self":[{"href":"https:\/\/medibox.vn\/index.php\/wp-json\/wp\/v2\/product\/505","targetHints":{"allow":["GET"]}}],"collection":[{"href":"https:\/\/medibox.vn\/index.php\/wp-json\/wp\/v2\/product"}],"about":[{"href":"https:\/\/medibox.vn\/index.php\/wp-json\/wp\/v2\/types\/product"}],"replies":[{"embeddable":true,"href":"https:\/\/medibox.vn\/index.php\/wp-json\/wp\/v2\/comments?post=505"}],"wp:featuredmedia":[{"embeddable":true,"href":"https:\/\/medibox.vn\/index.php\/wp-json\/wp\/v2\/media\/506"}],"wp:attachment":[{"href":"https:\/\/medibox.vn\/index.php\/wp-json\/wp\/v2\/media?parent=505"}],"wp:term":[{"taxonomy":"product_cat","embeddable":true,"href":"https:\/\/medibox.vn\/index.php\/wp-json\/wp\/v2\/product_cat?post=505"},{"taxonomy":"product_tag","embeddable":true,"href":"https:\/\/medibox.vn\/index.php\/wp-json\/wp\/v2\/product_tag?post=505"}],"curies":[{"name":"wp","href":"https:\/\/api.w.org\/{rel}","templated":true}]}}