{"id":490,"date":"2024-04-02T15:49:59","date_gmt":"2024-04-02T08:49:59","guid":{"rendered":"https:\/\/medibox.vn\/?post_type=product&#038;p=490"},"modified":"2024-04-12T15:54:25","modified_gmt":"2024-04-12T08:54:25","slug":"danh-muc-hoa-chat-xet-nghiem","status":"publish","type":"product","link":"https:\/\/medibox.vn\/index.php\/product\/danh-muc-hoa-chat-xet-nghiem\/","title":{"rendered":"Danh m\u1ee5c ho\u00e1 ch\u1ea5t x\u00e9t nghi\u1ec7m"},"content":{"rendered":"<table width=\"1359\">\n<tbody>\n<tr>\n<td width=\"72\">Th\u00f4ng s\u1ed1<\/td>\n<td width=\"72\">CODE<\/td>\n<td width=\"200\">T\u00ean HC<\/td>\n<td width=\"148\">Quy c\u00e1ch<\/td>\n<td width=\"129\">quy ca\u0301ch t\u00f4\u0309ng th\u00ea\u0309 (ml)<\/td>\n<td width=\"189\">S\u1ed1 test th\u1ef1c hi\u1ec7n \u0111\u01b0\u1ee3c theo l\u00fd thuy\u1ebft (CA-270)<\/td>\n<td width=\"183\">S\u1ed1 test th\u1ef1c hi\u1ec7n \u0111\u01b0\u1ee3c theo l\u00fd thuy\u1ebft (CA-400)<\/td>\n<td width=\"185\">S\u1ed1 test th\u1ef1c hi\u1ec7n \u0111\u01b0\u1ee3c theo l\u00fd thuy\u1ebft (CA-800)<\/td>\n<td width=\"181\">gia\u0301 b\u00e1n(VN\u0110) \u0111\u00e3 bao g\u1ed3m VAT<\/td>\n<\/tr>\n<tr>\n<td rowspan=\"3\">ALB<\/td>\n<td>84A0011<\/td>\n<td rowspan=\"3\">MEASURE ALB<\/td>\n<td>2 x 50ml<\/td>\n<td>100<\/td>\n<td>667<\/td>\n<td>500<\/td>\n<td>2000<\/td>\n<td>\u00a0\u00a0\u00a0\u00a0\u00a0\u00a0\u00a0\u00a0\u00a0\u00a0\u00a0\u00a0\u00a0\u00a0\u00a0\u00a0\u00a0\u00a0\u00a0\u00a0\u00a0\u00a0\u00a0\u00a0\u00a0\u00a0 1,356,000<\/td>\n<\/tr>\n<tr>\n<td>84A0012<\/td>\n<td>4 x 50ml<\/td>\n<td>200<\/td>\n<td>1333<\/td>\n<td>1000<\/td>\n<td>4000<\/td>\n<td>\u00a0\u00a0\u00a0\u00a0\u00a0\u00a0\u00a0\u00a0\u00a0\u00a0\u00a0\u00a0\u00a0\u00a0\u00a0\u00a0\u00a0\u00a0\u00a0\u00a0\u00a0\u00a0\u00a0\u00a0\u00a0\u00a0 2,576,400<\/td>\n<\/tr>\n<tr>\n<td>84A0013<\/td>\n<td>6 x 50ml<\/td>\n<td>300<\/td>\n<td>2000<\/td>\n<td>1500<\/td>\n<td>6000<\/td>\n<td>\u00a0\u00a0\u00a0\u00a0\u00a0\u00a0\u00a0\u00a0\u00a0\u00a0\u00a0\u00a0\u00a0\u00a0\u00a0\u00a0\u00a0\u00a0\u00a0\u00a0\u00a0\u00a0\u00a0\u00a0\u00a0\u00a0 3,661,200<\/td>\n<\/tr>\n<tr>\n<td rowspan=\"3\">UN<\/td>\n<td>84A0021<\/td>\n<td rowspan=\"3\">MEASURE UN<\/td>\n<td>1 x 45ml; 1 x 15ml<\/td>\n<td>60<\/td>\n<td>600<\/td>\n<td>400<\/td>\n<td>1200<\/td>\n<td>\u00a0\u00a0\u00a0\u00a0\u00a0\u00a0\u00a0\u00a0\u00a0\u00a0\u00a0\u00a0\u00a0\u00a0\u00a0\u00a0\u00a0\u00a0\u00a0\u00a0\u00a0\u00a0\u00a0\u00a0\u00a0\u00a0 1,980,000<\/td>\n<\/tr>\n<tr>\n<td>84A0022<\/td>\n<td>2 x 45ml; 2 x 15ml<\/td>\n<td>120<\/td>\n<td>1200<\/td>\n<td>800<\/td>\n<td>2400<\/td>\n<td>\u00a0\u00a0\u00a0\u00a0\u00a0\u00a0\u00a0\u00a0\u00a0\u00a0\u00a0\u00a0\u00a0\u00a0\u00a0\u00a0\u00a0\u00a0\u00a0\u00a0\u00a0\u00a0\u00a0\u00a0\u00a0\u00a0 3,762,000<\/td>\n<\/tr>\n<tr>\n<td>84A0023<\/td>\n<td>4 x 45ml; 4 x 15ml<\/td>\n<td>240<\/td>\n<td>2400<\/td>\n<td>1600<\/td>\n<td>4800<\/td>\n<td>\u00a0\u00a0\u00a0\u00a0\u00a0\u00a0\u00a0\u00a0\u00a0\u00a0\u00a0\u00a0\u00a0\u00a0\u00a0\u00a0\u00a0\u00a0\u00a0\u00a0\u00a0\u00a0\u00a0\u00a0\u00a0\u00a0 7,128,000<\/td>\n<\/tr>\n<tr>\n<td rowspan=\"3\">ALT<\/td>\n<td>84A0031<\/td>\n<td rowspan=\"3\">MEASURE ALT<\/td>\n<td>1 x 45ml; 1 x 15ml<\/td>\n<td>60<\/td>\n<td>600<\/td>\n<td>400<\/td>\n<td>1200<\/td>\n<td>\u00a0\u00a0\u00a0\u00a0\u00a0\u00a0\u00a0\u00a0\u00a0\u00a0\u00a0\u00a0\u00a0\u00a0\u00a0\u00a0\u00a0\u00a0\u00a0\u00a0\u00a0\u00a0\u00a0\u00a0\u00a0\u00a0 1,153,200<\/td>\n<\/tr>\n<tr>\n<td>84A0032<\/td>\n<td>2 x 45ml; 2 x 15ml<\/td>\n<td>120<\/td>\n<td>1200<\/td>\n<td>800<\/td>\n<td>2400<\/td>\n<td>\u00a0\u00a0\u00a0\u00a0\u00a0\u00a0\u00a0\u00a0\u00a0\u00a0\u00a0\u00a0\u00a0\u00a0\u00a0\u00a0\u00a0\u00a0\u00a0\u00a0\u00a0\u00a0\u00a0\u00a0\u00a0\u00a0 2,191,080<\/td>\n<\/tr>\n<tr>\n<td>84A0033<\/td>\n<td>4 x 45ml; 4 x 15ml<\/td>\n<td>240<\/td>\n<td>2400<\/td>\n<td>1600<\/td>\n<td>4800<\/td>\n<td>\u00a0\u00a0\u00a0\u00a0\u00a0\u00a0\u00a0\u00a0\u00a0\u00a0\u00a0\u00a0\u00a0\u00a0\u00a0\u00a0\u00a0\u00a0\u00a0\u00a0\u00a0\u00a0\u00a0\u00a0\u00a0\u00a0 4,151,520<\/td>\n<\/tr>\n<tr>\n<td rowspan=\"3\">AST<\/td>\n<td>84A0041<\/td>\n<td rowspan=\"3\">MEASURE AST<\/td>\n<td>1 x 45ml; 1 x 15ml<\/td>\n<td>60<\/td>\n<td>600<\/td>\n<td>400<\/td>\n<td>1200<\/td>\n<td>\u00a0\u00a0\u00a0\u00a0\u00a0\u00a0\u00a0\u00a0\u00a0\u00a0\u00a0\u00a0\u00a0\u00a0\u00a0\u00a0\u00a0\u00a0\u00a0\u00a0\u00a0\u00a0\u00a0\u00a0\u00a0\u00a0 1,153,200<\/td>\n<\/tr>\n<tr>\n<td>84A0042<\/td>\n<td>2 x 45ml; 2 x 15ml<\/td>\n<td>120<\/td>\n<td>1200<\/td>\n<td>800<\/td>\n<td>2400<\/td>\n<td>\u00a0\u00a0\u00a0\u00a0\u00a0\u00a0\u00a0\u00a0\u00a0\u00a0\u00a0\u00a0\u00a0\u00a0\u00a0\u00a0\u00a0\u00a0\u00a0\u00a0\u00a0\u00a0\u00a0\u00a0\u00a0\u00a0 2,191,080<\/td>\n<\/tr>\n<tr>\n<td>84A0043<\/td>\n<td>4 x 45ml; 4 x 15ml<\/td>\n<td>240<\/td>\n<td>2400<\/td>\n<td>1600<\/td>\n<td>4800<\/td>\n<td>\u00a0\u00a0\u00a0\u00a0\u00a0\u00a0\u00a0\u00a0\u00a0\u00a0\u00a0\u00a0\u00a0\u00a0\u00a0\u00a0\u00a0\u00a0\u00a0\u00a0\u00a0\u00a0\u00a0\u00a0\u00a0\u00a0 4,151,520<\/td>\n<\/tr>\n<tr>\n<td rowspan=\"3\">UA<\/td>\n<td>84A0051<\/td>\n<td rowspan=\"3\">MEASURE UA<\/td>\n<td>1 x 45ml; 1 x 15ml<\/td>\n<td>60<\/td>\n<td>600<\/td>\n<td>400<\/td>\n<td>1200<\/td>\n<td>\u00a0\u00a0\u00a0\u00a0\u00a0\u00a0\u00a0\u00a0\u00a0\u00a0\u00a0\u00a0\u00a0\u00a0\u00a0\u00a0\u00a0\u00a0\u00a0\u00a0\u00a0\u00a0\u00a0\u00a0\u00a0\u00a0 4,575,000<\/td>\n<\/tr>\n<tr>\n<td>84A0052<\/td>\n<td>2 x 45ml; 2 x 15ml<\/td>\n<td>120<\/td>\n<td>1200<\/td>\n<td>800<\/td>\n<td>2400<\/td>\n<td>\u00a0\u00a0\u00a0\u00a0\u00a0\u00a0\u00a0\u00a0\u00a0\u00a0\u00a0\u00a0\u00a0\u00a0\u00a0\u00a0\u00a0\u00a0\u00a0\u00a0\u00a0\u00a0\u00a0\u00a0\u00a0\u00a0 8,692,500<\/td>\n<\/tr>\n<tr>\n<td>84A0053<\/td>\n<td>4 x 45ml; 4 x 15ml<\/td>\n<td>240<\/td>\n<td>2400<\/td>\n<td>1600<\/td>\n<td>4800<\/td>\n<td>\u00a0\u00a0\u00a0\u00a0\u00a0\u00a0\u00a0\u00a0\u00a0\u00a0\u00a0\u00a0\u00a0\u00a0\u00a0\u00a0\u00a0\u00a0\u00a0\u00a0\u00a0\u00a0\u00a0\u00a0 16,470,000<\/td>\n<\/tr>\n<tr>\n<td rowspan=\"3\">TP<\/td>\n<td>84A0061<\/td>\n<td rowspan=\"3\">MEASURE TP<\/td>\n<td>1 x 60ml; 2 x 18ml<\/td>\n<td>96<\/td>\n<td>800<\/td>\n<td>640<\/td>\n<td>1920<\/td>\n<td>\u00a0\u00a0\u00a0\u00a0\u00a0\u00a0\u00a0\u00a0\u00a0\u00a0\u00a0\u00a0\u00a0\u00a0\u00a0\u00a0\u00a0\u00a0\u00a0\u00a0\u00a0\u00a0\u00a0\u00a0\u00a0\u00a0 5,599,968<\/td>\n<\/tr>\n<tr>\n<td>84A0062<\/td>\n<td>2 x 60ml; 4 x 18ml<\/td>\n<td>192<\/td>\n<td>1600<\/td>\n<td>1280<\/td>\n<td>3840<\/td>\n<td>\u00a0\u00a0\u00a0\u00a0\u00a0\u00a0\u00a0\u00a0\u00a0\u00a0\u00a0\u00a0\u00a0\u00a0\u00a0\u00a0\u00a0\u00a0\u00a0\u00a0\u00a0\u00a0\u00a0\u00a0 10,639,939<\/td>\n<\/tr>\n<tr>\n<td>84A0063<\/td>\n<td>3 x 60ml; 6 x 18ml<\/td>\n<td>288<\/td>\n<td>2400<\/td>\n<td>1920<\/td>\n<td>5760<\/td>\n<td>\u00a0\u00a0\u00a0\u00a0\u00a0\u00a0\u00a0\u00a0\u00a0\u00a0\u00a0\u00a0\u00a0\u00a0\u00a0\u00a0\u00a0\u00a0\u00a0\u00a0\u00a0\u00a0\u00a0\u00a0 15,119,913<\/td>\n<\/tr>\n<tr>\n<td rowspan=\"2\">HbA1c<\/td>\n<td>84A0071<\/td>\n<td rowspan=\"2\">MEASURE HbA1c II<\/td>\n<td>1 x 45ml; 1 x 15ml<\/td>\n<td>60<\/td>\n<td>600<\/td>\n<td>400<\/td>\n<td>1200<\/td>\n<td>\u00a0\u00a0\u00a0\u00a0\u00a0\u00a0\u00a0\u00a0\u00a0\u00a0\u00a0\u00a0\u00a0\u00a0\u00a0\u00a0\u00a0\u00a0\u00a0\u00a0\u00a0\u00a0\u00a0\u00a0 48,620,000<\/td>\n<\/tr>\n<tr>\n<td>84A0072<\/td>\n<td>3 x 45ml; 3 x 15ml<\/td>\n<td>180<\/td>\n<td>1800<\/td>\n<td>1200<\/td>\n<td>3600<\/td>\n<td>\u00a0\u00a0\u00a0\u00a0\u00a0\u00a0\u00a0\u00a0\u00a0\u00a0\u00a0\u00a0\u00a0\u00a0\u00a0\u00a0\u00a0\u00a0\u00a0\u00a0\u00a0\u00a0 137,014,000<\/td>\n<\/tr>\n<tr>\n<td rowspan=\"3\">ALP<\/td>\n<td>84A0081<\/td>\n<td rowspan=\"3\">MEASURE ALP IFCC<\/td>\n<td>1 x 56ml; 1 x 14ml<\/td>\n<td>70<\/td>\n<td>700<\/td>\n<td>467<\/td>\n<td>1400<\/td>\n<td>\u00a0\u00a0\u00a0\u00a0\u00a0\u00a0\u00a0\u00a0\u00a0\u00a0\u00a0\u00a0\u00a0\u00a0\u00a0\u00a0\u00a0\u00a0\u00a0\u00a0\u00a0\u00a0\u00a0\u00a0\u00a0\u00a0 1,821,400<\/td>\n<\/tr>\n<tr>\n<td>84A0082<\/td>\n<td>2 x 56ml; 2 x 14ml<\/td>\n<td>140<\/td>\n<td>1400<\/td>\n<td>933<\/td>\n<td>2800<\/td>\n<td>\u00a0\u00a0\u00a0\u00a0\u00a0\u00a0\u00a0\u00a0\u00a0\u00a0\u00a0\u00a0\u00a0\u00a0\u00a0\u00a0\u00a0\u00a0\u00a0\u00a0\u00a0\u00a0\u00a0\u00a0\u00a0\u00a0 3,460,660<\/td>\n<\/tr>\n<tr>\n<td>84A0083<\/td>\n<td>4 x 56ml; 4 x 14ml<\/td>\n<td>280<\/td>\n<td>2800<\/td>\n<td>1867<\/td>\n<td>5600<\/td>\n<td>\u00a0\u00a0\u00a0\u00a0\u00a0\u00a0\u00a0\u00a0\u00a0\u00a0\u00a0\u00a0\u00a0\u00a0\u00a0\u00a0\u00a0\u00a0\u00a0\u00a0\u00a0\u00a0\u00a0\u00a0\u00a0\u00a0 6,557,040<\/td>\n<\/tr>\n<tr>\n<td rowspan=\"3\">AMY<\/td>\n<td>84A0091<\/td>\n<td rowspan=\"3\">MEASURE AMYG7<\/td>\n<td>1 x 45ml; 1 x 9ml<\/td>\n<td>54<\/td>\n<td>540<\/td>\n<td>360<\/td>\n<td>1080<\/td>\n<td>\u00a0\u00a0\u00a0\u00a0\u00a0\u00a0\u00a0\u00a0\u00a0\u00a0\u00a0\u00a0\u00a0\u00a0\u00a0\u00a0\u00a0\u00a0\u00a0\u00a0\u00a0\u00a0\u00a0\u00a0 10,589,400<\/td>\n<\/tr>\n<tr>\n<td>84A0092<\/td>\n<td>2 x 45ml; 2 x 9ml<\/td>\n<td>108<\/td>\n<td>1080<\/td>\n<td>720<\/td>\n<td>2160<\/td>\n<td>\u00a0\u00a0\u00a0\u00a0\u00a0\u00a0\u00a0\u00a0\u00a0\u00a0\u00a0\u00a0\u00a0\u00a0\u00a0\u00a0\u00a0\u00a0\u00a0\u00a0\u00a0\u00a0\u00a0\u00a0 20,119,860<\/td>\n<\/tr>\n<tr>\n<td>84A0093<\/td>\n<td>3 x 45ml; 3 x 9ml<\/td>\n<td>162<\/td>\n<td>1620<\/td>\n<td>1080<\/td>\n<td>3240<\/td>\n<td>\u00a0\u00a0\u00a0\u00a0\u00a0\u00a0\u00a0\u00a0\u00a0\u00a0\u00a0\u00a0\u00a0\u00a0\u00a0\u00a0\u00a0\u00a0\u00a0\u00a0\u00a0\u00a0\u00a0\u00a0 28,591,380<\/td>\n<\/tr>\n<tr>\n<td rowspan=\"3\">CK<\/td>\n<td>84A0101<\/td>\n<td rowspan=\"3\">MEASURE CK<\/td>\n<td>1 x 36ml; 1 x 9ml<\/td>\n<td>45<\/td>\n<td>450<\/td>\n<td>321<\/td>\n<td>900<\/td>\n<td>\u00a0\u00a0\u00a0\u00a0\u00a0\u00a0\u00a0\u00a0\u00a0\u00a0\u00a0\u00a0\u00a0\u00a0\u00a0\u00a0\u00a0\u00a0\u00a0\u00a0\u00a0\u00a0\u00a0\u00a0\u00a0\u00a0 3,881,700<\/td>\n<\/tr>\n<tr>\n<td>84A0102<\/td>\n<td>2 x 36ml; 2 x 9ml<\/td>\n<td>90<\/td>\n<td>900<\/td>\n<td>643<\/td>\n<td>1800<\/td>\n<td>\u00a0\u00a0\u00a0\u00a0\u00a0\u00a0\u00a0\u00a0\u00a0\u00a0\u00a0\u00a0\u00a0\u00a0\u00a0\u00a0\u00a0\u00a0\u00a0\u00a0\u00a0\u00a0\u00a0\u00a0\u00a0\u00a0 7,375,230<\/td>\n<\/tr>\n<tr>\n<td>84A0103<\/td>\n<td>3 x 36ml; 3 x 9ml<\/td>\n<td>135<\/td>\n<td>1350<\/td>\n<td>964<\/td>\n<td>2700<\/td>\n<td>\u00a0\u00a0\u00a0\u00a0\u00a0\u00a0\u00a0\u00a0\u00a0\u00a0\u00a0\u00a0\u00a0\u00a0\u00a0\u00a0\u00a0\u00a0\u00a0\u00a0\u00a0\u00a0\u00a0\u00a0 10,480,590<\/td>\n<\/tr>\n<tr>\n<td rowspan=\"3\">CK-MB<\/td>\n<td>84A0111<\/td>\n<td rowspan=\"3\">MEASURE CKMB<\/td>\n<td>1 x 36ml; 1 x 9ml<\/td>\n<td>45<\/td>\n<td>450<\/td>\n<td>321<\/td>\n<td>900<\/td>\n<td>\u00a0\u00a0\u00a0\u00a0\u00a0\u00a0\u00a0\u00a0\u00a0\u00a0\u00a0\u00a0\u00a0\u00a0\u00a0\u00a0\u00a0\u00a0\u00a0\u00a0\u00a0\u00a0\u00a0\u00a0\u00a0\u00a0 6,935,400<\/td>\n<\/tr>\n<tr>\n<td>84A0112<\/td>\n<td>2 x 36ml; 2 x 9ml<\/td>\n<td>90<\/td>\n<td>900<\/td>\n<td>643<\/td>\n<td>1800<\/td>\n<td>\u00a0\u00a0\u00a0\u00a0\u00a0\u00a0\u00a0\u00a0\u00a0\u00a0\u00a0\u00a0\u00a0\u00a0\u00a0\u00a0\u00a0\u00a0\u00a0\u00a0\u00a0\u00a0\u00a0\u00a0 13,177,260<\/td>\n<\/tr>\n<tr>\n<td>84A0113<\/td>\n<td>3 x 36ml; 3 x 9ml<\/td>\n<td>135<\/td>\n<td>1350<\/td>\n<td>964<\/td>\n<td>2700<\/td>\n<td>\u00a0\u00a0\u00a0\u00a0\u00a0\u00a0\u00a0\u00a0\u00a0\u00a0\u00a0\u00a0\u00a0\u00a0\u00a0\u00a0\u00a0\u00a0\u00a0\u00a0\u00a0\u00a0\u00a0\u00a0 18,725,580<\/td>\n<\/tr>\n<tr>\n<td rowspan=\"2\">CRE<\/td>\n<td>84A0121<\/td>\n<td rowspan=\"2\">MEASURE CRE<\/td>\n<td>2 x 45ml; 2 x 15ml<\/td>\n<td>120<\/td>\n<td>1000<\/td>\n<td>800<\/td>\n<td>2400<\/td>\n<td>\u00a0\u00a0\u00a0\u00a0\u00a0\u00a0\u00a0\u00a0\u00a0\u00a0\u00a0\u00a0\u00a0\u00a0\u00a0\u00a0\u00a0\u00a0\u00a0\u00a0\u00a0\u00a0\u00a0\u00a0\u00a0\u00a0 2,400,000<\/td>\n<\/tr>\n<tr>\n<td>84A0122<\/td>\n<td>6 x 45ml; 6 x 15ml<\/td>\n<td>360<\/td>\n<td>3000<\/td>\n<td>2400<\/td>\n<td>7200<\/td>\n<td>\u00a0\u00a0\u00a0\u00a0\u00a0\u00a0\u00a0\u00a0\u00a0\u00a0\u00a0\u00a0\u00a0\u00a0\u00a0\u00a0\u00a0\u00a0\u00a0\u00a0\u00a0\u00a0\u00a0\u00a0\u00a0\u00a0 6,840,000<\/td>\n<\/tr>\n<tr>\n<td rowspan=\"3\">CRP<\/td>\n<td>84A0131<\/td>\n<td rowspan=\"3\">MEASURE CRP<\/td>\n<td>1 x 25ml; 1 x 25ml<\/td>\n<td>50<\/td>\n<td>333<\/td>\n<td>250<\/td>\n<td>1000<\/td>\n<td>\u00a0\u00a0\u00a0\u00a0\u00a0\u00a0\u00a0\u00a0\u00a0\u00a0\u00a0\u00a0\u00a0\u00a0\u00a0\u00a0\u00a0\u00a0\u00a0\u00a0\u00a0\u00a0\u00a0\u00a0 14,107,000<\/td>\n<\/tr>\n<tr>\n<td>84A0132<\/td>\n<td>2 x 25ml; 2 x 25ml<\/td>\n<td>100<\/td>\n<td>667<\/td>\n<td>500<\/td>\n<td>2000<\/td>\n<td>\u00a0\u00a0\u00a0\u00a0\u00a0\u00a0\u00a0\u00a0\u00a0\u00a0\u00a0\u00a0\u00a0\u00a0\u00a0\u00a0\u00a0\u00a0\u00a0\u00a0\u00a0\u00a0\u00a0\u00a0 26,803,300<\/td>\n<\/tr>\n<tr>\n<td>84A0133<\/td>\n<td>3 x 25ml; 3 x 25ml<\/td>\n<td>150<\/td>\n<td>1000<\/td>\n<td>750<\/td>\n<td>3000<\/td>\n<td>\u00a0\u00a0\u00a0\u00a0\u00a0\u00a0\u00a0\u00a0\u00a0\u00a0\u00a0\u00a0\u00a0\u00a0\u00a0\u00a0\u00a0\u00a0\u00a0\u00a0\u00a0\u00a0\u00a0\u00a0 38,088,900<\/td>\n<\/tr>\n<tr>\n<td rowspan=\"3\">D-BIL<\/td>\n<td>84A0141<\/td>\n<td rowspan=\"3\">MEASURE D-BIL<\/td>\n<td>1 x 45ml; 1 x 15ml<\/td>\n<td>60<\/td>\n<td>1000<\/td>\n<td>400<\/td>\n<td>1200<\/td>\n<td>\u00a0\u00a0\u00a0\u00a0\u00a0\u00a0\u00a0\u00a0\u00a0\u00a0\u00a0\u00a0\u00a0\u00a0\u00a0\u00a0\u00a0\u00a0\u00a0\u00a0\u00a0\u00a0\u00a0\u00a0\u00a0\u00a0 2,605,200<\/td>\n<\/tr>\n<tr>\n<td>84A0142<\/td>\n<td>2 x 45ml; 2 x 15ml<\/td>\n<td>120<\/td>\n<td>2000<\/td>\n<td>800<\/td>\n<td>2400<\/td>\n<td>\u00a0\u00a0\u00a0\u00a0\u00a0\u00a0\u00a0\u00a0\u00a0\u00a0\u00a0\u00a0\u00a0\u00a0\u00a0\u00a0\u00a0\u00a0\u00a0\u00a0\u00a0\u00a0\u00a0\u00a0\u00a0\u00a0 4,949,880<\/td>\n<\/tr>\n<tr>\n<td>84A0143<\/td>\n<td>4 x 45ml; 4 x 15ml<\/td>\n<td>240<\/td>\n<td>4000<\/td>\n<td>1600<\/td>\n<td>4800<\/td>\n<td>\u00a0\u00a0\u00a0\u00a0\u00a0\u00a0\u00a0\u00a0\u00a0\u00a0\u00a0\u00a0\u00a0\u00a0\u00a0\u00a0\u00a0\u00a0\u00a0\u00a0\u00a0\u00a0\u00a0\u00a0\u00a0\u00a0 9,378,720<\/td>\n<\/tr>\n<tr>\n<td rowspan=\"3\">GGT<\/td>\n<td>84A0151<\/td>\n<td rowspan=\"3\">MEASURE GGT<\/td>\n<td>1 x 45ml; 1 x 15ml<\/td>\n<td>60<\/td>\n<td>600<\/td>\n<td>400<\/td>\n<td>1200<\/td>\n<td>\u00a0\u00a0\u00a0\u00a0\u00a0\u00a0\u00a0\u00a0\u00a0\u00a0\u00a0\u00a0\u00a0\u00a0\u00a0\u00a0\u00a0\u00a0\u00a0\u00a0\u00a0\u00a0\u00a0\u00a0\u00a0\u00a0 2,198,400<\/td>\n<\/tr>\n<tr>\n<td>84A0152<\/td>\n<td>2 x 45ml; 2 x 15ml<\/td>\n<td>120<\/td>\n<td>1200<\/td>\n<td>800<\/td>\n<td>2400<\/td>\n<td>\u00a0\u00a0\u00a0\u00a0\u00a0\u00a0\u00a0\u00a0\u00a0\u00a0\u00a0\u00a0\u00a0\u00a0\u00a0\u00a0\u00a0\u00a0\u00a0\u00a0\u00a0\u00a0\u00a0\u00a0\u00a0\u00a0 4,176,960<\/td>\n<\/tr>\n<tr>\n<td>84A0153<\/td>\n<td>4 x 45ml; 4 x 15ml<\/td>\n<td>240<\/td>\n<td>2400<\/td>\n<td>1600<\/td>\n<td>4800<\/td>\n<td>\u00a0\u00a0\u00a0\u00a0\u00a0\u00a0\u00a0\u00a0\u00a0\u00a0\u00a0\u00a0\u00a0\u00a0\u00a0\u00a0\u00a0\u00a0\u00a0\u00a0\u00a0\u00a0\u00a0\u00a0\u00a0\u00a0 7,914,240<\/td>\n<\/tr>\n<tr>\n<td rowspan=\"3\">GLU<\/td>\n<td>84A0161<\/td>\n<td rowspan=\"3\">MEASURE GLU<\/td>\n<td>2 x 45ml; 2 x 15ml<\/td>\n<td>120<\/td>\n<td>600<\/td>\n<td>429<\/td>\n<td>1800<\/td>\n<td>\u00a0\u00a0\u00a0\u00a0\u00a0\u00a0\u00a0\u00a0\u00a0\u00a0\u00a0\u00a0\u00a0\u00a0\u00a0\u00a0\u00a0\u00a0\u00a0\u00a0\u00a0\u00a0\u00a0\u00a0\u00a0\u00a0 1,990,800<\/td>\n<\/tr>\n<tr>\n<td>84A0162<\/td>\n<td>4 x 45ml; 4 x 15ml<\/td>\n<td>240<\/td>\n<td>1200<\/td>\n<td>857<\/td>\n<td>3600<\/td>\n<td>\u00a0\u00a0\u00a0\u00a0\u00a0\u00a0\u00a0\u00a0\u00a0\u00a0\u00a0\u00a0\u00a0\u00a0\u00a0\u00a0\u00a0\u00a0\u00a0\u00a0\u00a0\u00a0\u00a0\u00a0\u00a0\u00a0 3,782,520<\/td>\n<\/tr>\n<tr>\n<td>84A0163<\/td>\n<td>6 x 45ml; 6 x 15ml<\/td>\n<td>360<\/td>\n<td>1800<\/td>\n<td>1286<\/td>\n<td>5400<\/td>\n<td>\u00a0\u00a0\u00a0\u00a0\u00a0\u00a0\u00a0\u00a0\u00a0\u00a0\u00a0\u00a0\u00a0\u00a0\u00a0\u00a0\u00a0\u00a0\u00a0\u00a0\u00a0\u00a0\u00a0\u00a0\u00a0\u00a0 5,375,160<\/td>\n<\/tr>\n<tr>\n<td rowspan=\"2\">HDL<\/td>\n<td>84A0171<\/td>\n<td rowspan=\"2\">MEASURE HDL<\/td>\n<td>1 x 45ml; 1 x 15ml<\/td>\n<td>60<\/td>\n<td>400<\/td>\n<td>300<\/td>\n<td>1200<\/td>\n<td>\u00a0\u00a0\u00a0\u00a0\u00a0\u00a0\u00a0\u00a0\u00a0\u00a0\u00a0\u00a0\u00a0\u00a0\u00a0\u00a0\u00a0\u00a0\u00a0\u00a0\u00a0\u00a0\u00a0\u00a0 14,875,200<\/td>\n<\/tr>\n<tr>\n<td>84A0172<\/td>\n<td>2 x 45ml; 2 x 15ml<\/td>\n<td>120<\/td>\n<td>800<\/td>\n<td>600<\/td>\n<td>2400<\/td>\n<td>\u00a0\u00a0\u00a0\u00a0\u00a0\u00a0\u00a0\u00a0\u00a0\u00a0\u00a0\u00a0\u00a0\u00a0\u00a0\u00a0\u00a0\u00a0\u00a0\u00a0\u00a0\u00a0\u00a0\u00a0 28,262,880<\/td>\n<\/tr>\n<tr>\n<td rowspan=\"3\">LDH<\/td>\n<td>84A0181<\/td>\n<td rowspan=\"3\">MEASURE LDH IFCC<\/td>\n<td>1 x 56ml; 1 x 14ml<\/td>\n<td>70<\/td>\n<td>700<\/td>\n<td>467<\/td>\n<td>1400<\/td>\n<td>\u00a0\u00a0\u00a0\u00a0\u00a0\u00a0\u00a0\u00a0\u00a0\u00a0\u00a0\u00a0\u00a0\u00a0\u00a0\u00a0\u00a0\u00a0\u00a0\u00a0\u00a0\u00a0\u00a0\u00a0\u00a0\u00a0 2,485,000<\/td>\n<\/tr>\n<tr>\n<td>84A0182<\/td>\n<td>2 x 56ml; 2 x 14ml<\/td>\n<td>140<\/td>\n<td>1400<\/td>\n<td>933<\/td>\n<td>2800<\/td>\n<td>\u00a0\u00a0\u00a0\u00a0\u00a0\u00a0\u00a0\u00a0\u00a0\u00a0\u00a0\u00a0\u00a0\u00a0\u00a0\u00a0\u00a0\u00a0\u00a0\u00a0\u00a0\u00a0\u00a0\u00a0\u00a0\u00a0 4,721,500<\/td>\n<\/tr>\n<tr>\n<td>84A0183<\/td>\n<td>4 x 56ml; 4 x 14ml<\/td>\n<td>280<\/td>\n<td>2800<\/td>\n<td>1867<\/td>\n<td>5600<\/td>\n<td>\u00a0\u00a0\u00a0\u00a0\u00a0\u00a0\u00a0\u00a0\u00a0\u00a0\u00a0\u00a0\u00a0\u00a0\u00a0\u00a0\u00a0\u00a0\u00a0\u00a0\u00a0\u00a0\u00a0\u00a0\u00a0\u00a0 8,946,000<\/td>\n<\/tr>\n<tr>\n<td rowspan=\"2\">LDL<\/td>\n<td>84A0191<\/td>\n<td rowspan=\"2\">MEASURE LDL<\/td>\n<td>1 x 30ml; 1 x 10ml<\/td>\n<td>40<\/td>\n<td>200<\/td>\n<td>143<\/td>\n<td>600<\/td>\n<td>\u00a0\u00a0\u00a0\u00a0\u00a0\u00a0\u00a0\u00a0\u00a0\u00a0\u00a0\u00a0\u00a0\u00a0\u00a0\u00a0\u00a0\u00a0\u00a0\u00a0\u00a0\u00a0\u00a0\u00a0 13,172,400<\/td>\n<\/tr>\n<tr>\n<td>84A0192<\/td>\n<td>2 x 30ml; 2 x 10ml<\/td>\n<td>80<\/td>\n<td>400<\/td>\n<td>286<\/td>\n<td>1200<\/td>\n<td>\u00a0\u00a0\u00a0\u00a0\u00a0\u00a0\u00a0\u00a0\u00a0\u00a0\u00a0\u00a0\u00a0\u00a0\u00a0\u00a0\u00a0\u00a0\u00a0\u00a0\u00a0\u00a0\u00a0\u00a0 25,027,560<\/td>\n<\/tr>\n<tr>\n<td rowspan=\"3\">T-BIL<\/td>\n<td>84A0201<\/td>\n<td rowspan=\"3\">MEASURE T-Bil<\/td>\n<td>1 x 45ml; 1 x 15ml<\/td>\n<td>60<\/td>\n<td>600<\/td>\n<td>400<\/td>\n<td>1200<\/td>\n<td>\u00a0\u00a0\u00a0\u00a0\u00a0\u00a0\u00a0\u00a0\u00a0\u00a0\u00a0\u00a0\u00a0\u00a0\u00a0\u00a0\u00a0\u00a0\u00a0\u00a0\u00a0\u00a0\u00a0\u00a0\u00a0\u00a0 3,750,000<\/td>\n<\/tr>\n<tr>\n<td>84A0202<\/td>\n<td>2 x 45ml; 2 x 15ml<\/td>\n<td>120<\/td>\n<td>1200<\/td>\n<td>800<\/td>\n<td>2400<\/td>\n<td>\u00a0\u00a0\u00a0\u00a0\u00a0\u00a0\u00a0\u00a0\u00a0\u00a0\u00a0\u00a0\u00a0\u00a0\u00a0\u00a0\u00a0\u00a0\u00a0\u00a0\u00a0\u00a0\u00a0\u00a0\u00a0\u00a0 7,125,000<\/td>\n<\/tr>\n<tr>\n<td>84A0203<\/td>\n<td>4 x 45ml; 4 x 15ml<\/td>\n<td>240<\/td>\n<td>2400<\/td>\n<td>1600<\/td>\n<td>4800<\/td>\n<td>\u00a0\u00a0\u00a0\u00a0\u00a0\u00a0\u00a0\u00a0\u00a0\u00a0\u00a0\u00a0\u00a0\u00a0\u00a0\u00a0\u00a0\u00a0\u00a0\u00a0\u00a0\u00a0\u00a0\u00a0 13,500,000<\/td>\n<\/tr>\n<tr>\n<td rowspan=\"3\">TC<\/td>\n<td>84A0211<\/td>\n<td rowspan=\"3\">MEASURE TC<\/td>\n<td>1 x 45ml; 1 x 15ml<\/td>\n<td>60<\/td>\n<td>400<\/td>\n<td>300<\/td>\n<td>1200<\/td>\n<td>\u00a0\u00a0\u00a0\u00a0\u00a0\u00a0\u00a0\u00a0\u00a0\u00a0\u00a0\u00a0\u00a0\u00a0\u00a0\u00a0\u00a0\u00a0\u00a0\u00a0\u00a0\u00a0\u00a0\u00a0\u00a0\u00a0 1,117,500<\/td>\n<\/tr>\n<tr>\n<td>84A0212<\/td>\n<td>2 x 45ml; 2 x 15ml<\/td>\n<td>120<\/td>\n<td>800<\/td>\n<td>600<\/td>\n<td>2400<\/td>\n<td>\u00a0\u00a0\u00a0\u00a0\u00a0\u00a0\u00a0\u00a0\u00a0\u00a0\u00a0\u00a0\u00a0\u00a0\u00a0\u00a0\u00a0\u00a0\u00a0\u00a0\u00a0\u00a0\u00a0\u00a0\u00a0\u00a0 2,123,250<\/td>\n<\/tr>\n<tr>\n<td>84A0213<\/td>\n<td>4 x 45ml; 4 x 15ml<\/td>\n<td>240<\/td>\n<td>1600<\/td>\n<td>1200<\/td>\n<td>4800<\/td>\n<td>\u00a0\u00a0\u00a0\u00a0\u00a0\u00a0\u00a0\u00a0\u00a0\u00a0\u00a0\u00a0\u00a0\u00a0\u00a0\u00a0\u00a0\u00a0\u00a0\u00a0\u00a0\u00a0\u00a0\u00a0\u00a0\u00a0 4,023,000<\/td>\n<\/tr>\n<tr>\n<td rowspan=\"3\">TG<\/td>\n<td>84A0221<\/td>\n<td rowspan=\"3\">MEASURE TG<\/td>\n<td>1 x 45ml; 1 x 15ml<\/td>\n<td>60<\/td>\n<td>400<\/td>\n<td>300<\/td>\n<td>1200<\/td>\n<td>\u00a0\u00a0\u00a0\u00a0\u00a0\u00a0\u00a0\u00a0\u00a0\u00a0\u00a0\u00a0\u00a0\u00a0\u00a0\u00a0\u00a0\u00a0\u00a0\u00a0\u00a0\u00a0\u00a0\u00a0\u00a0\u00a0 2,752,800<\/td>\n<\/tr>\n<tr>\n<td>84A0222<\/td>\n<td>2 x 45ml; 2 x 15ml<\/td>\n<td>120<\/td>\n<td>800<\/td>\n<td>600<\/td>\n<td>2400<\/td>\n<td>\u00a0\u00a0\u00a0\u00a0\u00a0\u00a0\u00a0\u00a0\u00a0\u00a0\u00a0\u00a0\u00a0\u00a0\u00a0\u00a0\u00a0\u00a0\u00a0\u00a0\u00a0\u00a0\u00a0\u00a0\u00a0\u00a0 5,230,320<\/td>\n<\/tr>\n<tr>\n<td>84A0223<\/td>\n<td>3 x 45ml; 3 x 15ml<\/td>\n<td>180<\/td>\n<td>1200<\/td>\n<td>900<\/td>\n<td>3600<\/td>\n<td>\u00a0\u00a0\u00a0\u00a0\u00a0\u00a0\u00a0\u00a0\u00a0\u00a0\u00a0\u00a0\u00a0\u00a0\u00a0\u00a0\u00a0\u00a0\u00a0\u00a0\u00a0\u00a0\u00a0\u00a0\u00a0\u00a0 7,432,560<\/td>\n<\/tr>\n<tr>\n<td>Multi Cal<\/td>\n<td>10100<\/td>\n<td>MEASURE Multi Cal<\/td>\n<td>1 x 5ml<\/td>\n<td>5<\/td>\n<td><\/td>\n<td><\/td>\n<td><\/td>\n<td>\u00a0\u00a0\u00a0\u00a0\u00a0\u00a0\u00a0\u00a0\u00a0\u00a0\u00a0\u00a0\u00a0\u00a0\u00a0\u00a0\u00a0\u00a0\u00a0\u00a0\u00a0\u00a0\u00a0\u00a0\u00a0\u00a0\u00a0\u00a0\u00a0 900,000<\/td>\n<\/tr>\n<tr>\n<td>QC level 1<\/td>\n<td>10101<\/td>\n<td>MEASURE Human Lyo Level 1<\/td>\n<td>1 x 5ml<\/td>\n<td>5<\/td>\n<td><\/td>\n<td><\/td>\n<td><\/td>\n<td>\u00a0\u00a0\u00a0\u00a0\u00a0\u00a0\u00a0\u00a0\u00a0\u00a0\u00a0\u00a0\u00a0\u00a0\u00a0\u00a0\u00a0\u00a0\u00a0\u00a0\u00a0\u00a0\u00a0\u00a0\u00a0\u00a0\u00a0\u00a0\u00a0 623,700<\/td>\n<\/tr>\n<tr>\n<td>QC level 2<\/td>\n<td>10102<\/td>\n<td>MEASURE Human Lyo Level 2<\/td>\n<td>1 x 5ml<\/td>\n<td>5<\/td>\n<td><\/td>\n<td><\/td>\n<td><\/td>\n<td>\u00a0\u00a0\u00a0\u00a0\u00a0\u00a0\u00a0\u00a0\u00a0\u00a0\u00a0\u00a0\u00a0\u00a0\u00a0\u00a0\u00a0\u00a0\u00a0\u00a0\u00a0\u00a0\u00a0\u00a0\u00a0\u00a0\u00a0\u00a0\u00a0 623,700<\/td>\n<\/tr>\n<tr>\n<td>Lipid cal<\/td>\n<td>10201<\/td>\n<td>Lipids Cal<\/td>\n<td>1 x 2ml<\/td>\n<td>2<\/td>\n<td><\/td>\n<td><\/td>\n<td><\/td>\n<td>\u00a0\u00a0\u00a0\u00a0\u00a0\u00a0\u00a0\u00a0\u00a0\u00a0\u00a0\u00a0\u00a0\u00a0\u00a0\u00a0\u00a0\u00a0\u00a0\u00a0\u00a0\u00a0\u00a0\u00a0\u00a0\u00a0 1,295,000<\/td>\n<\/tr>\n<tr>\n<td>Lipid con<\/td>\n<td>10202<\/td>\n<td>Lipids Con<\/td>\n<td>1 x 2ml<\/td>\n<td>2<\/td>\n<td><\/td>\n<td><\/td>\n<td><\/td>\n<td>\u00a0\u00a0\u00a0\u00a0\u00a0\u00a0\u00a0\u00a0\u00a0\u00a0\u00a0\u00a0\u00a0\u00a0\u00a0\u00a0\u00a0\u00a0\u00a0\u00a0\u00a0\u00a0\u00a0\u00a0\u00a0\u00a0 1,295,000<\/td>\n<\/tr>\n<tr>\n<td>CRP cal<\/td>\n<td>10301<\/td>\n<td>CRP cal<\/td>\n<td>6 x 1ml<\/td>\n<td>6<\/td>\n<td><\/td>\n<td><\/td>\n<td><\/td>\n<td>\u00a0\u00a0\u00a0\u00a0\u00a0\u00a0\u00a0\u00a0\u00a0\u00a0\u00a0\u00a0\u00a0\u00a0\u00a0\u00a0\u00a0\u00a0\u00a0\u00a0\u00a0\u00a0\u00a0\u00a0\u00a0\u00a0 4,690,000<\/td>\n<\/tr>\n<tr>\n<td>CRP con<\/td>\n<td>10302<\/td>\n<td>CRP con<\/td>\n<td>2 x 1ml<\/td>\n<td>2<\/td>\n<td><\/td>\n<td><\/td>\n<td><\/td>\n<td>\u00a0\u00a0\u00a0\u00a0\u00a0\u00a0\u00a0\u00a0\u00a0\u00a0\u00a0\u00a0\u00a0\u00a0\u00a0\u00a0\u00a0\u00a0\u00a0\u00a0\u00a0\u00a0\u00a0\u00a0\u00a0\u00a0 2,620,000<\/td>\n<\/tr>\n<tr>\n<td>T\/D Bil cal<\/td>\n<td>10401<\/td>\n<td>T\/ DBil cal<\/td>\n<td>1 x 2ml<\/td>\n<td>2<\/td>\n<td><\/td>\n<td><\/td>\n<td><\/td>\n<td>\u00a0\u00a0\u00a0\u00a0\u00a0\u00a0\u00a0\u00a0\u00a0\u00a0\u00a0\u00a0\u00a0\u00a0\u00a0\u00a0\u00a0\u00a0\u00a0\u00a0\u00a0\u00a0\u00a0\u00a0\u00a0\u00a0\u00a0\u00a0\u00a0 630,000<\/td>\n<\/tr>\n<tr>\n<td>HbA1c cal<\/td>\n<td>10501<\/td>\n<td>HbA1c cal<\/td>\n<td>5 x 1ml<\/td>\n<td>5<\/td>\n<td><\/td>\n<td><\/td>\n<td><\/td>\n<td>\u00a0\u00a0\u00a0\u00a0\u00a0\u00a0\u00a0\u00a0\u00a0\u00a0\u00a0\u00a0\u00a0\u00a0\u00a0\u00a0\u00a0\u00a0\u00a0\u00a0\u00a0\u00a0\u00a0\u00a0\u00a0\u00a0 5,000,000<\/td>\n<\/tr>\n<tr>\n<td>HbA1c con<\/td>\n<td>10502<\/td>\n<td>HbA1c con<\/td>\n<td>2 x 1ml<\/td>\n<td>2<\/td>\n<td><\/td>\n<td><\/td>\n<td><\/td>\n<td>\u00a0\u00a0\u00a0\u00a0\u00a0\u00a0\u00a0\u00a0\u00a0\u00a0\u00a0\u00a0\u00a0\u00a0\u00a0\u00a0\u00a0\u00a0\u00a0\u00a0\u00a0\u00a0\u00a0\u00a0\u00a0\u00a0 1,890,000<\/td>\n<\/tr>\n<\/tbody>\n<\/table>\n","protected":false},"excerpt":{"rendered":"<p>Danh m\u1ee5c ho\u00e1 ch\u1ea5t x\u00e9t nghi\u1ec7m<\/p>\n","protected":false},"featured_media":491,"comment_status":"closed","ping_status":"closed","template":"","meta":[],"product_cat":[71],"product_tag":[],"class_list":{"0":"post-490","1":"product","2":"type-product","3":"status-publish","4":"has-post-thumbnail","6":"product_cat-hoa-chat-xet-nghiem","8":"first","9":"instock","10":"shipping-taxable","11":"product-type-simple"},"_links":{"self":[{"href":"https:\/\/medibox.vn\/index.php\/wp-json\/wp\/v2\/product\/490","targetHints":{"allow":["GET"]}}],"collection":[{"href":"https:\/\/medibox.vn\/index.php\/wp-json\/wp\/v2\/product"}],"about":[{"href":"https:\/\/medibox.vn\/index.php\/wp-json\/wp\/v2\/types\/product"}],"replies":[{"embeddable":true,"href":"https:\/\/medibox.vn\/index.php\/wp-json\/wp\/v2\/comments?post=490"}],"wp:featuredmedia":[{"embeddable":true,"href":"https:\/\/medibox.vn\/index.php\/wp-json\/wp\/v2\/media\/491"}],"wp:attachment":[{"href":"https:\/\/medibox.vn\/index.php\/wp-json\/wp\/v2\/media?parent=490"}],"wp:term":[{"taxonomy":"product_cat","embeddable":true,"href":"https:\/\/medibox.vn\/index.php\/wp-json\/wp\/v2\/product_cat?post=490"},{"taxonomy":"product_tag","embeddable":true,"href":"https:\/\/medibox.vn\/index.php\/wp-json\/wp\/v2\/product_tag?post=490"}],"curies":[{"name":"wp","href":"https:\/\/api.w.org\/{rel}","templated":true}]}}